{"id":263,"date":"2022-01-14T15:22:31","date_gmt":"2022-01-14T15:22:31","guid":{"rendered":"https:\/\/gypsi.com.mx\/tienda\/?post_type=product&#038;p=263"},"modified":"2022-02-22T12:47:10","modified_gmt":"2022-02-22T12:47:10","slug":"mtb100","status":"publish","type":"product","link":"https:\/\/gypsi.com.mx\/tienda\/producto\/mtb100\/","title":{"rendered":"MTB100"},"content":{"rendered":"<p>Teltonika MTB100 es un rastreador inteligente con conectividad Bluetooth, antenas internas de alta ganancia GNSS y GSM y bater\u00eda de respaldo integrada. La entrada \/ salida ampl\u00eda los escenarios de uso del dispositivo. La entrada digital se puede utilizar para el monitoreo del estado del bot\u00f3n de encendido, puerta o alarma. La inmovilizaci\u00f3n remota del veh\u00edculo se puede lograr utilizando la salida digital MTB100.<\/p>\n<div id=\"scheme-area\"><\/div>\n<div id=\"themify_builder_content-263\" data-postid=\"263\" class=\"themify_builder_content themify_builder_content-263 themify_builder\">\n\n    <\/div>\n<!-- \/themify_builder_content -->","protected":false},"excerpt":{"rendered":"<p>Rastreador inteligente de motocicletas con Bluetooth y bater\u00eda interna de respaldo<\/p>\n","protected":false},"featured_media":256,"comment_status":"open","ping_status":"closed","template":"","meta":{"om_disable_all_campaigns":false,"_mi_skip_tracking":false},"product_cat":[18],"product_tag":[],"aioseo_notices":[],"_links":{"self":[{"href":"https:\/\/gypsi.com.mx\/tienda\/wp-json\/wp\/v2\/product\/263"}],"collection":[{"href":"https:\/\/gypsi.com.mx\/tienda\/wp-json\/wp\/v2\/product"}],"about":[{"href":"https:\/\/gypsi.com.mx\/tienda\/wp-json\/wp\/v2\/types\/product"}],"replies":[{"embeddable":true,"href":"https:\/\/gypsi.com.mx\/tienda\/wp-json\/wp\/v2\/comments?post=263"}],"wp:featuredmedia":[{"embeddable":true,"href":"https:\/\/gypsi.com.mx\/tienda\/wp-json\/wp\/v2\/media\/256"}],"wp:attachment":[{"href":"https:\/\/gypsi.com.mx\/tienda\/wp-json\/wp\/v2\/media?parent=263"}],"wp:term":[{"taxonomy":"product_cat","embeddable":true,"href":"https:\/\/gypsi.com.mx\/tienda\/wp-json\/wp\/v2\/product_cat?post=263"},{"taxonomy":"product_tag","embeddable":true,"href":"https:\/\/gypsi.com.mx\/tienda\/wp-json\/wp\/v2\/product_tag?post=263"}],"curies":[{"name":"wp","href":"https:\/\/api.w.org\/{rel}","templated":true}]}}