{"id":259,"date":"2022-01-14T15:19:45","date_gmt":"2022-01-14T15:19:45","guid":{"rendered":"https:\/\/gypsi.com.mx\/tienda\/?post_type=product&#038;p=259"},"modified":"2022-02-22T12:41:43","modified_gmt":"2022-02-22T12:41:43","slug":"fmb920","status":"publish","type":"product","link":"https:\/\/gypsi.com.mx\/tienda\/producto\/fmb920\/","title":{"rendered":"FMB920"},"content":{"rendered":"<p><img loading=\"lazy\" class=\"alignnone size-full wp-image-300\" src=\"https:\/\/gypsi.com.mx\/tienda\/wp-content\/uploads\/2022\/01\/fmb920-specs.jpg\" alt=\"\" width=\"1172\" height=\"444\" srcset=\"https:\/\/gypsi.com.mx\/tienda\/wp-content\/uploads\/2022\/01\/fmb920-specs.jpg 1172w, https:\/\/gypsi.com.mx\/tienda\/wp-content\/uploads\/2022\/01\/fmb920-specs-300x114.jpg 300w, https:\/\/gypsi.com.mx\/tienda\/wp-content\/uploads\/2022\/01\/fmb920-specs-1024x388.jpg 1024w, https:\/\/gypsi.com.mx\/tienda\/wp-content\/uploads\/2022\/01\/fmb920-specs-768x291.jpg 768w, https:\/\/gypsi.com.mx\/tienda\/wp-content\/uploads\/2022\/01\/fmb920-specs-600x227.jpg 600w\" sizes=\"(max-width: 1172px) 100vw, 1172px\" \/><\/p>\n<p>Teltonika FMB920 es un rastreador compacto e inteligente con conectividad Bluetooth, antenas internas GNSS de alta ganancia y GSM y bater\u00eda de respaldo integrada. \u00a0Las entradas \/ salidas ampl\u00edan los escenarios de uso del dispositivo. La entrada digital se puede usar para el monitoreo del estado del bot\u00f3n de encendido, puerta o alarma. La inmovilizaci\u00f3n remota del veh\u00edculo se puede lograr utilizando la salida digital FMB920.<\/p>\n<div id=\"themify_builder_content-259\" data-postid=\"259\" class=\"themify_builder_content themify_builder_content-259 themify_builder\">\n\n    <\/div>\n<!-- \/themify_builder_content -->","protected":false},"excerpt":{"rendered":"<p>Rastreador peque\u00f1o e inteligente con Bluetooth y bater\u00eda de respaldo interna<\/p>\n","protected":false},"featured_media":252,"comment_status":"open","ping_status":"closed","template":"","meta":{"om_disable_all_campaigns":false,"_mi_skip_tracking":false},"product_cat":[18],"product_tag":[],"aioseo_notices":[],"_links":{"self":[{"href":"https:\/\/gypsi.com.mx\/tienda\/wp-json\/wp\/v2\/product\/259"}],"collection":[{"href":"https:\/\/gypsi.com.mx\/tienda\/wp-json\/wp\/v2\/product"}],"about":[{"href":"https:\/\/gypsi.com.mx\/tienda\/wp-json\/wp\/v2\/types\/product"}],"replies":[{"embeddable":true,"href":"https:\/\/gypsi.com.mx\/tienda\/wp-json\/wp\/v2\/comments?post=259"}],"wp:featuredmedia":[{"embeddable":true,"href":"https:\/\/gypsi.com.mx\/tienda\/wp-json\/wp\/v2\/media\/252"}],"wp:attachment":[{"href":"https:\/\/gypsi.com.mx\/tienda\/wp-json\/wp\/v2\/media?parent=259"}],"wp:term":[{"taxonomy":"product_cat","embeddable":true,"href":"https:\/\/gypsi.com.mx\/tienda\/wp-json\/wp\/v2\/product_cat?post=259"},{"taxonomy":"product_tag","embeddable":true,"href":"https:\/\/gypsi.com.mx\/tienda\/wp-json\/wp\/v2\/product_tag?post=259"}],"curies":[{"name":"wp","href":"https:\/\/api.w.org\/{rel}","templated":true}]}}